{"id":164,"date":"2024-06-06T19:21:58","date_gmt":"2024-06-07T00:21:58","guid":{"rendered":"https:\/\/upwyse.co\/vic\/?page_id=164"},"modified":"2024-08-26T23:43:03","modified_gmt":"2024-08-27T04:43:03","slug":"legal-outsourcing","status":"publish","type":"page","link":"https:\/\/victius.legal\/es\/legal-outsourcing\/","title":{"rendered":"Outsourcing Legal"},"content":{"rendered":"<div data-elementor-type=\"wp-page\" data-elementor-id=\"164\" class=\"elementor elementor-164\">\n\t\t\t\t<div class=\"elementor-element elementor-element-fe5c7ad e-con-full e-flex e-con e-parent\" data-id=\"fe5c7ad\" data-element_type=\"container\" data-e-type=\"container\" data-settings=\"{&quot;background_background&quot;:&quot;classic&quot;,&quot;jet_parallax_layout_list&quot;:[]}\">\n\t\t<div class=\"elementor-element elementor-element-37e1d53 e-con-full e-flex e-con e-child\" data-id=\"37e1d53\" data-element_type=\"container\" data-e-type=\"container\" data-settings=\"{&quot;jet_parallax_layout_list&quot;:[]}\">\n\t\t\t\t<div class=\"elementor-element elementor-element-b0556ef elementor-widget__width-initial elementor-widget elementor-widget-heading\" data-id=\"b0556ef\" data-element_type=\"widget\" data-e-type=\"widget\" data-widget_type=\"heading.default\">\n\t\t\t\t<div class=\"elementor-widget-container\">\n\t\t\t\t\t<h2 class=\"elementor-heading-title elementor-size-default\">Outsourcing Legal<\/h2>\t\t\t\t<\/div>\n\t\t\t\t<\/div>\n\t\t\t\t<\/div>\n\t\t<div class=\"elementor-element elementor-element-a4d52ea e-con-full e-flex e-con e-child\" data-id=\"a4d52ea\" data-element_type=\"container\" data-e-type=\"container\" data-settings=\"{&quot;jet_parallax_layout_list&quot;:[]}\">\n\t\t\t\t<div class=\"elementor-element elementor-element-e7c8b60 elementor-view-default elementor-invisible elementor-widget elementor-widget-icon\" data-id=\"e7c8b60\" data-element_type=\"widget\" data-e-type=\"widget\" data-settings=\"{&quot;_animation&quot;:&quot;fadeInDown&quot;}\" data-widget_type=\"icon.default\">\n\t\t\t\t<div class=\"elementor-widget-container\">\n\t\t\t\t\t\t\t<div class=\"elementor-icon-wrapper\">\n\t\t\t<div class=\"elementor-icon\">\n\t\t\t<svg xmlns=\"http:\/\/www.w3.org\/2000\/svg\" width=\"260\" height=\"259.999\" viewbox=\"0 0 260 259.999\"><g id=\"Grupo_70\" data-name=\"Grupo 70\" transform=\"translate(535.848 -1279.576)\"><path id=\"Trazado_43\" data-name=\"Trazado 43\" d=\"M0,130H130L0,0Z\" transform=\"translate(-535.848 1279.575)\" fill=\"#fff\"><\/path><path id=\"Trazado_44\" data-name=\"Trazado 44\" d=\"M67.424,130V260l130-130V0Z\" transform=\"translate(-473.272 1279.575)\" fill=\"#1d7834\"><\/path><\/g><\/svg>\t\t\t<\/div>\n\t\t<\/div>\n\t\t\t\t\t\t<\/div>\n\t\t\t\t<\/div>\n\t\t\t\t<\/div>\n\t\t\t\t<\/div>\n\t\t<div class=\"elementor-element elementor-element-1448f1b e-con-full e-flex e-con e-parent\" data-id=\"1448f1b\" data-element_type=\"container\" data-e-type=\"container\" data-settings=\"{&quot;jet_parallax_layout_list&quot;:[]}\">\n\t\t<div class=\"elementor-element elementor-element-742765e e-con-full e-flex e-con e-child\" data-id=\"742765e\" data-element_type=\"container\" data-e-type=\"container\" data-settings=\"{&quot;background_background&quot;:&quot;classic&quot;,&quot;jet_parallax_layout_list&quot;:[]}\">\n\t\t\t\t<\/div>\n\t\t<div class=\"elementor-element elementor-element-f665e52 e-con-full e-flex e-con e-child\" data-id=\"f665e52\" data-element_type=\"container\" data-e-type=\"container\" data-settings=\"{&quot;background_background&quot;:&quot;classic&quot;,&quot;jet_parallax_layout_list&quot;:[]}\">\n\t\t<div class=\"elementor-element elementor-element-b710a26 e-con-full e-flex e-con e-child\" data-id=\"b710a26\" data-element_type=\"container\" data-e-type=\"container\" data-settings=\"{&quot;jet_parallax_layout_list&quot;:[]}\">\n\t\t\t\t<div class=\"elementor-element elementor-element-f4e0a09 elementor-widget__width-initial elementor-widget elementor-widget-heading\" data-id=\"f4e0a09\" data-element_type=\"widget\" data-e-type=\"widget\" data-widget_type=\"heading.default\">\n\t\t\t\t<div class=\"elementor-widget-container\">\n\t\t\t\t\t<h2 class=\"elementor-heading-title elementor-size-default\">Los servicios jur\u00eddicos suelen implicar tareas que consumen mucho tiempo y que pueden desviar valiosos recursos en tareas jur\u00eddicas b\u00e1sicas. Hemos creado un servicio especializado de externalizaci\u00f3n jur\u00eddica, cuyo objetivo es apoyar a firmas de abogados y departamentos internos en el desarrollo de las operaciones diarias, lo que se traduce en importantes ahorros. <br><br>\n\nLe proporcionamos personal jur\u00eddico altamente cualificado, tiempo completo o parcial seg\u00fan sus necesidades, de acuerdo con su idioma preferido, credenciales, a\u00f1os de experiencia y \u00e1reas de pr\u00e1ctica.<\/h2>\t\t\t\t<\/div>\n\t\t\t\t<\/div>\n\t\t\t\t<div class=\"elementor-element elementor-element-2a1a716 elementor-widget__width-initial elementor-widget elementor-widget-text-editor\" data-id=\"2a1a716\" data-element_type=\"widget\" data-e-type=\"widget\" data-widget_type=\"text-editor.default\">\n\t\t\t\t<div class=\"elementor-widget-container\">\n\t\t\t\t\t\t\t\t\t<p><strong>Nuestro personal, apoya sus operaciones, llevando a cabo cualquier actividad relacionada con el \u00e1mbito jur\u00eddico, como por ejemplo:<\/strong><\/p>\t\t\t\t\t\t\t\t<\/div>\n\t\t\t\t<\/div>\n\t\t\t\t<div class=\"elementor-element elementor-element-78db64f elementor-widget__width-initial elementor-widget elementor-widget-text-editor\" data-id=\"78db64f\" data-element_type=\"widget\" data-e-type=\"widget\" data-widget_type=\"text-editor.default\">\n\t\t\t\t<div class=\"elementor-widget-container\">\n\t\t\t\t\t\t\t\t\t<p><span style=\"color: #339966;\"><strong>Preparaci\u00f3n de Documentos<\/strong><\/span><br \/>Preparaci\u00f3n de contratos, acuerdos y documentos judiciales, ahorrando tiempo y recursos a los equipos jur\u00eddicos.<\/p><p><strong><span style=\"color: #339966;\">Investigaci\u00f3n Jur\u00eddica<\/span><\/strong><br \/>Investigaci\u00f3n exhaustiva de las leyes, reglamentos y jurisprudencia. Nuestro equipo ofrece apoyo en la toma de decisiones jur\u00eddicas y el desarrollo de estrategias.<\/p><p><strong><span style=\"color: #339966;\">Redacci\u00f3n de Documentos Jur\u00eddicos<\/span><\/strong><br \/>Redacci\u00f3n de documentos jur\u00eddicos como contratos, informes, y alegatos, garantizando su precisi\u00f3n y cumplimiento.<\/p><p><span style=\"color: #339966;\"><strong>An\u00e1lisis de Documentos Jur\u00eddicos<\/strong><\/span><br \/>Revisi\u00f3n y an\u00e1lisis de documentos jur\u00eddicos existentes para garantizar su exactitud.<\/p><p><strong><span style=\"color: #339966;\">Apoyo en Litigios<\/span><\/strong><br \/>Apoyo integral en los procesos de litigio, incluida la gesti\u00f3n de documentos, la presentaci\u00f3n de pruebas y la preparaci\u00f3n de juicios.<\/p><p><strong><span style=\"color: #339966;\">Revisi\u00f3n de Documentos<\/span><\/strong><br \/>Servicios detallados de revisi\u00f3n y correcci\u00f3n de documentos para garantizar la precisi\u00f3n y el cumplimiento de las normas legales.<\/p><p><strong><span style=\"color: #339966;\">Gesti\u00f3n de Contratos<\/span><\/strong><br \/>Seguimiento y gesti\u00f3n eficaces de los contratos a lo largo de su ciclo de vida, minimizando los riesgos y garantizando su cumplimiento.<\/p><p><strong><span style=\"color: #339966;\">Entrada de Datos<\/span><\/strong><br \/>Servicios fiables para el proceso de entrada de datos, para mantener bases de datos y registros jur\u00eddicos organizados y accesibles.<\/p><p><strong><span style=\"color: #339966;\">Due Diligence<\/span><\/strong><br \/>Servicios exhaustivos de due diligence para apoyar transacciones y procesos legales, permitiendo a los equipos jur\u00eddicos centrarse en los aspectos cr\u00edticos del caso.<\/p><p><strong><span style=\"color: #339966;\">Traducci\u00f3n Legal<\/span><\/strong><br \/>Traducci\u00f3n precisa de documentos jur\u00eddicos entre idiomas, preservando el significado y garantizando la claridad m\u00e1s all\u00e1 de las fronteras.<\/p>\t\t\t\t\t\t\t\t<\/div>\n\t\t\t\t<\/div>\n\t\t\t\t<\/div>\n\t\t\t\t<\/div>\n\t\t\t\t<\/div>\n\t\t<div class=\"elementor-element elementor-element-7905b1f e-con-full e-flex e-con e-parent\" data-id=\"7905b1f\" data-element_type=\"container\" data-e-type=\"container\" data-settings=\"{&quot;jet_parallax_layout_list&quot;:[]}\">\n\t\t<div class=\"elementor-element elementor-element-783ec23 e-con-full e-flex e-con e-child\" data-id=\"783ec23\" data-element_type=\"container\" data-e-type=\"container\" data-settings=\"{&quot;background_background&quot;:&quot;classic&quot;,&quot;jet_parallax_layout_list&quot;:[]}\">\n\t\t\t\t<\/div>\n\t\t<div class=\"elementor-element elementor-element-ac778b5 e-con-full e-flex e-con e-child\" data-id=\"ac778b5\" data-element_type=\"container\" data-e-type=\"container\" data-settings=\"{&quot;jet_parallax_layout_list&quot;:[]}\">\n\t\t\t\t<div class=\"elementor-element elementor-element-1afeb19 elementor-widget__width-initial elementor-widget elementor-widget-heading\" data-id=\"1afeb19\" data-element_type=\"widget\" data-e-type=\"widget\" data-widget_type=\"heading.default\">\n\t\t\t\t<div class=\"elementor-widget-container\">\n\t\t\t\t\t<h2 class=\"elementor-heading-title elementor-size-default\">\u00bfLe interesa descubrir c\u00f3mo nuestros servicios pueden beneficiar a su empresa? <\/h2>\t\t\t\t<\/div>\n\t\t\t\t<\/div>\n\t\t\t\t<div class=\"elementor-element elementor-element-a6073c2 elementor-widget__width-initial elementor-widget elementor-widget-heading\" data-id=\"a6073c2\" data-element_type=\"widget\" data-e-type=\"widget\" data-widget_type=\"heading.default\">\n\t\t\t\t<div class=\"elementor-widget-container\">\n\t\t\t\t\t<h2 class=\"elementor-heading-title elementor-size-default\">P\u00f3ngase en contacto con nosotros para obtener m\u00e1s informaci\u00f3n y concretar una cita con nuestro equipo. <br>Estamos listos para ayudarle a impulsar su negocio.<\/h2>\t\t\t\t<\/div>\n\t\t\t\t<\/div>\n\t\t\t\t<div class=\"elementor-element elementor-element-0744817 elementor-align-left elementor-invisible elementor-widget elementor-widget-button\" data-id=\"0744817\" data-element_type=\"widget\" data-e-type=\"widget\" data-settings=\"{&quot;_animation&quot;:&quot;fadeInUp&quot;}\" data-widget_type=\"button.default\">\n\t\t\t\t<div class=\"elementor-widget-container\">\n\t\t\t\t\t\t\t\t\t<div class=\"elementor-button-wrapper\">\n\t\t\t\t\t<a class=\"elementor-button elementor-button-link elementor-size-sm\" href=\"https:\/\/victius2.pipedrive.com\/scheduler\/Xq1bvQUO\/meeting\" target=\"_blank\">\n\t\t\t\t\t\t<span class=\"elementor-button-content-wrapper\">\n\t\t\t\t\t\t\t\t\t<span class=\"elementor-button-text\">Programar llamada<\/span>\n\t\t\t\t\t<\/span>\n\t\t\t\t\t<\/a>\n\t\t\t\t<\/div>\n\t\t\t\t\t\t\t\t<\/div>\n\t\t\t\t<\/div>\n\t\t\t\t<\/div>\n\t\t\t\t<\/div>\n\t\t\t\t<\/div>","protected":false},"excerpt":{"rendered":"<p>Legal work often involves time-consuming tasks that can divert valuable resources from core legal responsibilities. We have created a specialized legal outsourcing service that aims to support global law firms and corporate in-house departments in the development of day-to-day operations, resulting in significant budget reductions. We provide you with full time or part-time high skilled [&hellip;]<\/p>\n","protected":false},"author":1,"featured_media":762,"parent":0,"menu_order":5,"comment_status":"closed","ping_status":"closed","template":"full-width.php","meta":{"_acf_changed":false,"footnotes":""},"class_list":["post-164","page","type-page","status-publish","has-post-thumbnail","hentry"],"acf":[],"yoast_head":"<!-- This site is optimized with the Yoast SEO plugin v27.5 - https:\/\/yoast.com\/product\/yoast-seo-wordpress\/ -->\n<title>Legal Outsourcing - Victius<\/title>\n<meta name=\"description\" content=\"Victius Legal offers legal process outsourcing (LPO) services to streamline your legal operations. Our efficient solutions help you focus on core business activities while we handle the legal processes.\" \/>\n<meta name=\"robots\" content=\"index, follow, max-snippet:-1, max-image-preview:large, max-video-preview:-1\" \/>\n<link rel=\"canonical\" href=\"https:\/\/victius.legal\/es\/legal-outsourcing\/\" \/>\n<meta property=\"og:locale\" content=\"es_ES\" \/>\n<meta property=\"og:type\" content=\"article\" \/>\n<meta property=\"og:title\" content=\"Legal Outsourcing - Victius\" \/>\n<meta property=\"og:description\" content=\"Victius Legal offers legal process outsourcing (LPO) services to streamline your legal operations. Our efficient solutions help you focus on core business activities while we handle the legal processes.\" \/>\n<meta property=\"og:url\" content=\"https:\/\/victius.legal\/es\/legal-outsourcing\/\" \/>\n<meta property=\"og:site_name\" content=\"Victius\" \/>\n<meta property=\"article:modified_time\" content=\"2024-08-27T04:43:03+00:00\" \/>\n<meta property=\"og:image\" content=\"https:\/\/victius.legal\/wp-content\/uploads\/2024\/07\/Grupo-88-1.jpg\" \/>\n\t<meta property=\"og:image:width\" content=\"477\" \/>\n\t<meta property=\"og:image:height\" content=\"621\" \/>\n\t<meta property=\"og:image:type\" content=\"image\/jpeg\" \/>\n<meta name=\"twitter:card\" content=\"summary_large_image\" \/>\n<meta name=\"twitter:label1\" content=\"Tiempo de lectura\" \/>\n\t<meta name=\"twitter:data1\" content=\"2 minutos\" \/>\n<script type=\"application\/ld+json\" class=\"yoast-schema-graph\">{\"@context\":\"https:\\\/\\\/schema.org\",\"@graph\":[{\"@type\":\"WebPage\",\"@id\":\"https:\\\/\\\/victius.legal\\\/legal-outsourcing\\\/\",\"url\":\"https:\\\/\\\/victius.legal\\\/legal-outsourcing\\\/\",\"name\":\"Legal Outsourcing - Victius\",\"isPartOf\":{\"@id\":\"https:\\\/\\\/victius.legal\\\/#website\"},\"primaryImageOfPage\":{\"@id\":\"https:\\\/\\\/victius.legal\\\/legal-outsourcing\\\/#primaryimage\"},\"image\":{\"@id\":\"https:\\\/\\\/victius.legal\\\/legal-outsourcing\\\/#primaryimage\"},\"thumbnailUrl\":\"https:\\\/\\\/victius.legal\\\/wp-content\\\/uploads\\\/2024\\\/07\\\/Grupo-88-1.jpg\",\"datePublished\":\"2024-06-07T00:21:58+00:00\",\"dateModified\":\"2024-08-27T04:43:03+00:00\",\"description\":\"Victius Legal offers legal process outsourcing (LPO) services to streamline your legal operations. Our efficient solutions help you focus on core business activities while we handle the legal processes.\",\"breadcrumb\":{\"@id\":\"https:\\\/\\\/victius.legal\\\/legal-outsourcing\\\/#breadcrumb\"},\"inLanguage\":\"es-CO\",\"potentialAction\":[{\"@type\":\"ReadAction\",\"target\":[\"https:\\\/\\\/victius.legal\\\/legal-outsourcing\\\/\"]}]},{\"@type\":\"ImageObject\",\"inLanguage\":\"es-CO\",\"@id\":\"https:\\\/\\\/victius.legal\\\/legal-outsourcing\\\/#primaryimage\",\"url\":\"https:\\\/\\\/victius.legal\\\/wp-content\\\/uploads\\\/2024\\\/07\\\/Grupo-88-1.jpg\",\"contentUrl\":\"https:\\\/\\\/victius.legal\\\/wp-content\\\/uploads\\\/2024\\\/07\\\/Grupo-88-1.jpg\",\"width\":477,\"height\":621},{\"@type\":\"BreadcrumbList\",\"@id\":\"https:\\\/\\\/victius.legal\\\/legal-outsourcing\\\/#breadcrumb\",\"itemListElement\":[{\"@type\":\"ListItem\",\"position\":1,\"name\":\"Home\",\"item\":\"https:\\\/\\\/victius.legal\\\/\"},{\"@type\":\"ListItem\",\"position\":2,\"name\":\"Legal Outsourcing\"}]},{\"@type\":\"WebSite\",\"@id\":\"https:\\\/\\\/victius.legal\\\/#website\",\"url\":\"https:\\\/\\\/victius.legal\\\/\",\"name\":\"Victius\",\"description\":\"Attorneys\",\"potentialAction\":[{\"@type\":\"SearchAction\",\"target\":{\"@type\":\"EntryPoint\",\"urlTemplate\":\"https:\\\/\\\/victius.legal\\\/?s={search_term_string}\"},\"query-input\":{\"@type\":\"PropertyValueSpecification\",\"valueRequired\":true,\"valueName\":\"search_term_string\"}}],\"inLanguage\":\"es-CO\"}]}<\/script>\n<!-- \/ Yoast SEO plugin. -->","yoast_head_json":{"title":"Legal Outsourcing - Victius","description":"Victius Legal offers legal process outsourcing (LPO) services to streamline your legal operations. Our efficient solutions help you focus on core business activities while we handle the legal processes.","robots":{"index":"index","follow":"follow","max-snippet":"max-snippet:-1","max-image-preview":"max-image-preview:large","max-video-preview":"max-video-preview:-1"},"canonical":"https:\/\/victius.legal\/es\/legal-outsourcing\/","og_locale":"es_ES","og_type":"article","og_title":"Legal Outsourcing - Victius","og_description":"Victius Legal offers legal process outsourcing (LPO) services to streamline your legal operations. Our efficient solutions help you focus on core business activities while we handle the legal processes.","og_url":"https:\/\/victius.legal\/es\/legal-outsourcing\/","og_site_name":"Victius","article_modified_time":"2024-08-27T04:43:03+00:00","og_image":[{"width":477,"height":621,"url":"https:\/\/victius.legal\/wp-content\/uploads\/2024\/07\/Grupo-88-1.jpg","type":"image\/jpeg"}],"twitter_card":"summary_large_image","twitter_misc":{"Tiempo de lectura":"2 minutos"},"schema":{"@context":"https:\/\/schema.org","@graph":[{"@type":"WebPage","@id":"https:\/\/victius.legal\/legal-outsourcing\/","url":"https:\/\/victius.legal\/legal-outsourcing\/","name":"Legal Outsourcing - Victius","isPartOf":{"@id":"https:\/\/victius.legal\/#website"},"primaryImageOfPage":{"@id":"https:\/\/victius.legal\/legal-outsourcing\/#primaryimage"},"image":{"@id":"https:\/\/victius.legal\/legal-outsourcing\/#primaryimage"},"thumbnailUrl":"https:\/\/victius.legal\/wp-content\/uploads\/2024\/07\/Grupo-88-1.jpg","datePublished":"2024-06-07T00:21:58+00:00","dateModified":"2024-08-27T04:43:03+00:00","description":"Victius Legal offers legal process outsourcing (LPO) services to streamline your legal operations. Our efficient solutions help you focus on core business activities while we handle the legal processes.","breadcrumb":{"@id":"https:\/\/victius.legal\/legal-outsourcing\/#breadcrumb"},"inLanguage":"es-CO","potentialAction":[{"@type":"ReadAction","target":["https:\/\/victius.legal\/legal-outsourcing\/"]}]},{"@type":"ImageObject","inLanguage":"es-CO","@id":"https:\/\/victius.legal\/legal-outsourcing\/#primaryimage","url":"https:\/\/victius.legal\/wp-content\/uploads\/2024\/07\/Grupo-88-1.jpg","contentUrl":"https:\/\/victius.legal\/wp-content\/uploads\/2024\/07\/Grupo-88-1.jpg","width":477,"height":621},{"@type":"BreadcrumbList","@id":"https:\/\/victius.legal\/legal-outsourcing\/#breadcrumb","itemListElement":[{"@type":"ListItem","position":1,"name":"Home","item":"https:\/\/victius.legal\/"},{"@type":"ListItem","position":2,"name":"Legal Outsourcing"}]},{"@type":"WebSite","@id":"https:\/\/victius.legal\/#website","url":"https:\/\/victius.legal\/","name":"Victius","description":"Attorneys","potentialAction":[{"@type":"SearchAction","target":{"@type":"EntryPoint","urlTemplate":"https:\/\/victius.legal\/?s={search_term_string}"},"query-input":{"@type":"PropertyValueSpecification","valueRequired":true,"valueName":"search_term_string"}}],"inLanguage":"es-CO"}]}},"_links":{"self":[{"href":"https:\/\/victius.legal\/es\/wp-json\/wp\/v2\/pages\/164","targetHints":{"allow":["GET"]}}],"collection":[{"href":"https:\/\/victius.legal\/es\/wp-json\/wp\/v2\/pages"}],"about":[{"href":"https:\/\/victius.legal\/es\/wp-json\/wp\/v2\/types\/page"}],"author":[{"embeddable":true,"href":"https:\/\/victius.legal\/es\/wp-json\/wp\/v2\/users\/1"}],"replies":[{"embeddable":true,"href":"https:\/\/victius.legal\/es\/wp-json\/wp\/v2\/comments?post=164"}],"version-history":[{"count":50,"href":"https:\/\/victius.legal\/es\/wp-json\/wp\/v2\/pages\/164\/revisions"}],"predecessor-version":[{"id":779,"href":"https:\/\/victius.legal\/es\/wp-json\/wp\/v2\/pages\/164\/revisions\/779"}],"wp:featuredmedia":[{"embeddable":true,"href":"https:\/\/victius.legal\/es\/wp-json\/wp\/v2\/media\/762"}],"wp:attachment":[{"href":"https:\/\/victius.legal\/es\/wp-json\/wp\/v2\/media?parent=164"}],"curies":[{"name":"wp","href":"https:\/\/api.w.org\/{rel}","templated":true}]}}